{"id":10,"date":"2011-02-18T18:47:40","date_gmt":"2011-02-18T17:47:40","guid":{"rendered":"http:\/\/www.marcelino.si\/demo\/jeal\/?page_id=10"},"modified":"2026-02-25T09:28:09","modified_gmt":"2026-02-25T08:28:09","slug":"termo-role","status":"publish","type":"page","link":"https:\/\/blagajna.info\/?page_id=10","title":{"rendered":"Podpora naro\u010danju"},"content":{"rendered":"<h1>Podpora in pomo\u010d\u00a0&#8211; Help desk<\/h1>\n<p>E-po\u0161ta:\u00a0 <a href=\"mailto:narocilo@blagajna.info\">narocilo@blagajna.info<\/a><\/p>\n<p>Telefon: \u00a0(+386) \u00a0070 700 400<\/p>\n<p>Pokli\u010dite vsak delovni dan med 8. in 16. uro.<\/p>\n<h1>Uporabni\u0161ki servis<\/h1>\n<p><strong>Odprema in dostava <\/strong><br \/>\nPo\u0161iljanje paketov poteka vsak delovni dan. Paket bo odpremljen v 48h v Sloveniji.<\/p>\n<p>Po\u0161iljanje prevzame na\u0161 partner za opravljanje storitev hitre dostave. V primeru, da uslu\u017ebenec storitev hitre dostave ne more dostaviti po\u0161iljke, vam bo pustil obvestilo s telefonsko \u0161tevilko. V kolikor ni dogovorjeno druga\u010de, se z uslu\u017ebencem hitre dostave po telefonu dogovorite o datumu in kraju prevzema. \u010ce \u0161e vedno ni mogo\u010de dostaviti po\u0161iljke, se ta vrne po petih dneh. Stro\u0161ke vrnitve prevzame kupec. Po\u0161tnina se bo zara\u010dunavala na po\u0161iljko. Skupni znesek dostave ne bo NIKOLI presegel dogovorjeni znesek ob naro\u010dilu!<\/p>\n<p><strong>Zasebnost in varnost <\/strong><br \/>\nZavezani smo k varovanju va\u0161e zasebnosti. Izvedemo vse razumne ukrepe za varovanje vseh podatkov in informacij. Informacije so varovane na razli\u010dne na\u010dine, sprejetim v panogi, vklju\u010dno z uporabo varnostnih ukrepov za za\u0161\u010dito pred izgubo, zlorabo in spreminjanja podatkov, ki jih uporablja na\u0161 sistem.<\/p>\n<p>Politika zasebnosti je oblikovana tako, da zagotavljajo varnost in to\u010dnost osebnih podatkov, zbranih na tej spletni strani. Osebni podatki se ne delijo s tretjimi strankami.<\/p>\n<p>Varovanju zasebnosti osebnih podatkov je ena od najpomembnej\u0161ih prednostnih nalog za nas. Spletna stran ni usmerjena na otroke, mlaj\u0161e od 18 let. \u010ce ste prejeli ne\u017eeleno e-po\u0161to od nas, vas prosimo, da po\u0161ljete izvod na e-po\u0161tni naslov: narocilo@blagajna.info z opombo: Odjava e-novic!<br \/>\nPridr\u017eujemo si pravico do spremembe tega pravilnika ob vsakem \u010dasu. Na\u0161e spletne strani so vedno a\u017eurne.<br \/>\n<strong><br \/>\nVrnitve proizvoda, zamenjava, garancija <\/strong><br \/>\nNa\u0161a 100% garancija zadovoljstva pomeni vrnitev proizvoda. V kolikor je proizvod nerabljen, dobite nadomestilo v celotnem znesku. Po \u017eelji ga lahko nadomestimo z drugim izdelkom. Vrnitev proizvoda je sprejemljiva v 30 dneh po dobavi. \u010ce je proizvod rabljen ali embala\u017ea po\u0161kodovana si pridr\u017eujemo pravico do obra\u010duna stro\u0161kov reaktivacije izdelka.<\/p>\n<p><strong>Naro\u010danje<br \/>\n<\/strong>Spletna stran zahteva informacije od uporabnikov na na\u0161i naro\u010dilnici. Te so potrebne za dokon\u010danje prodajnih nalogov. Uporabniki morajo zagotoviti kontaktne podatke: ime podjetja, dav\u010dno \u0161tevilko, e-po\u0161tni naslov in po \u017eelji telefonsko \u0161tevilko.<\/p>\n<p>Te informacije se uporabljajo:<br \/>\n&#8211; za namene zara\u010dunavanja,<br \/>\n&#8211; za dokon\u010danje prodaje,<br \/>\n&#8211; dostavo izdelka.<\/p>\n<p>\u010ce obstajajo te\u017eave, informacije uporabljamo za vzpostavitev stika.<\/p>\n<p><strong>Pla\u010dilo, cene in promocije<\/strong><br \/>\nSkupna cena = cena izdelka + DDV + po\u0161tnina. Skupaj nabavna cena pomeni znesek v EUR. Dodatni stro\u0161ki se ne zara\u010dunavajo! Cene so v EUR.<\/p>\n<h1>O spletnem mestu<\/h1>\n<p>Copyright\u00a0JEAL d.o.o.\u00a0Vse pravice pridr\u017eane.<\/p>\n","protected":false},"excerpt":{"rendered":"<p>Podpora in pomo\u010d\u00a0&#8211; Help desk E-po\u0161ta:\u00a0 narocilo@blagajna.info Telefon: \u00a0(+386) \u00a0070 700 400 Pokli\u010dite vsak delovni dan med 8. in 16. uro. Uporabni\u0161ki servis Odprema in dostava Po\u0161iljanje paketov poteka vsak [&hellip;]<\/p>\n","protected":false},"author":3,"featured_media":6,"parent":0,"menu_order":25,"comment_status":"closed","ping_status":"closed","template":"","meta":{"footnotes":""},"class_list":["post-10","page","type-page","status-publish","has-post-thumbnail","hentry"],"_links":{"self":[{"href":"https:\/\/blagajna.info\/index.php?rest_route=\/wp\/v2\/pages\/10","targetHints":{"allow":["GET"]}}],"collection":[{"href":"https:\/\/blagajna.info\/index.php?rest_route=\/wp\/v2\/pages"}],"about":[{"href":"https:\/\/blagajna.info\/index.php?rest_route=\/wp\/v2\/types\/page"}],"author":[{"embeddable":true,"href":"https:\/\/blagajna.info\/index.php?rest_route=\/wp\/v2\/users\/3"}],"replies":[{"embeddable":true,"href":"https:\/\/blagajna.info\/index.php?rest_route=%2Fwp%2Fv2%2Fcomments&post=10"}],"version-history":[{"count":35,"href":"https:\/\/blagajna.info\/index.php?rest_route=\/wp\/v2\/pages\/10\/revisions"}],"predecessor-version":[{"id":862,"href":"https:\/\/blagajna.info\/index.php?rest_route=\/wp\/v2\/pages\/10\/revisions\/862"}],"wp:featuredmedia":[{"embeddable":true,"href":"https:\/\/blagajna.info\/index.php?rest_route=\/wp\/v2\/media\/6"}],"wp:attachment":[{"href":"https:\/\/blagajna.info\/index.php?rest_route=%2Fwp%2Fv2%2Fmedia&parent=10"}],"curies":[{"name":"wp","href":"https:\/\/api.w.org\/{rel}","templated":true}]}}